{"id":33,"date":"2013-05-17T12:56:37","date_gmt":"2013-05-17T09:56:37","guid":{"rendered":"http:\/\/talenco.wordpress.com\/?page_id=33"},"modified":"2013-05-17T12:56:37","modified_gmt":"2013-05-17T09:56:37","slug":"brandays","status":"publish","type":"page","link":"https:\/\/wp.talenco.fi\/wordpress\/brandays\/","title":{"rendered":"Br\u00e4nd\u00e4ys"},"content":{"rendered":"<p dir=\"ltr\"><a href=\"https:\/\/wp.talenco.fi\/wordpress\/wp-content\/uploads\/2013\/05\/shutterstock_87950368_2.jpg\"><img loading=\"lazy\" decoding=\"async\" class=\" wp-image-249 alignleft\" style=\"border:20px solid black;\" alt=\"shutterstock_87950368_2\" src=\"https:\/\/wp.talenco.fi\/wordpress\/wp-content\/uploads\/2013\/05\/shutterstock_87950368_2.jpg?w=150\" width=\"120\" height=\"120\" srcset=\"https:\/\/wp.talenco.fi\/wordpress\/wp-content\/uploads\/2013\/05\/shutterstock_87950368_2.jpg 1000w, https:\/\/wp.talenco.fi\/wordpress\/wp-content\/uploads\/2013\/05\/shutterstock_87950368_2-150x150.jpg 150w, https:\/\/wp.talenco.fi\/wordpress\/wp-content\/uploads\/2013\/05\/shutterstock_87950368_2-300x300.jpg 300w\" sizes=\"auto, (max-width: 120px) 100vw, 120px\" \/><\/a>Kilpailu asiakkaiden huomiosta on kova. Promootiotuotteiden avulla kirkastat br\u00e4ndi\u00e4si \u00a0ja saat huomiota. Vahvan br\u00e4ndin avulla saat lojaaleja asiakkaita ja parempia katteita. Asiakas oppii luottamaan vahvaan ja n\u00e4kyv\u00e4\u00e4n, tuttuun br\u00e4ndiin.<\/p>\n<p dir=\"ltr\">Br\u00e4nd\u00e4ykseen liittyvi\u00e4 artikkeleita l\u00f6yd\u00e4t alla olevista linkeist\u00e4:<\/p>\n<p dir=\"ltr\"><a title=\"Promootiot\" href=\"http:\/\/talenco.wordpress.com\/category\/promootiot\/\">Promootiot<\/a>\u00a0\/\u00a0<a title=\"Myyntituotteet\" href=\"http:\/\/talenco.wordpress.com\/category\/myyntituotteet\/\">Myyntituotteet ja merchandising<\/a>\u00a0\/\u00a0<a title=\"Mainoslahjat\" href=\"http:\/\/talenco.wordpress.com\/category\/mainoslahjat\/\">Mainoslahjat<\/a><\/p>\n","protected":false},"excerpt":{"rendered":"<p>Kilpailu asiakkaiden huomiosta on kova. Promootiotuotteiden avulla kirkastat br\u00e4ndi\u00e4si \u00a0ja saat huomiota. Vahvan br\u00e4ndin avulla saat lojaaleja asiakkaita ja parempia katteita. Asiakas oppii luottamaan vahvaan ja n\u00e4kyv\u00e4\u00e4n, tuttuun br\u00e4ndiin. Br\u00e4nd\u00e4ykseen liittyvi\u00e4 artikkeleita l\u00f6yd\u00e4t alla olevista linkeist\u00e4: Promootiot\u00a0\/\u00a0Myyntituotteet ja merchandising\u00a0\/\u00a0Mainoslahjat<\/p>\n","protected":false},"author":2,"featured_media":0,"parent":0,"menu_order":0,"comment_status":"closed","ping_status":"closed","template":"","meta":{"footnotes":""},"class_list":["post-33","page","type-page","status-publish","hentry"],"_links":{"self":[{"href":"https:\/\/wp.talenco.fi\/wordpress\/wp-json\/wp\/v2\/pages\/33","targetHints":{"allow":["GET"]}}],"collection":[{"href":"https:\/\/wp.talenco.fi\/wordpress\/wp-json\/wp\/v2\/pages"}],"about":[{"href":"https:\/\/wp.talenco.fi\/wordpress\/wp-json\/wp\/v2\/types\/page"}],"author":[{"embeddable":true,"href":"https:\/\/wp.talenco.fi\/wordpress\/wp-json\/wp\/v2\/users\/2"}],"replies":[{"embeddable":true,"href":"https:\/\/wp.talenco.fi\/wordpress\/wp-json\/wp\/v2\/comments?post=33"}],"version-history":[{"count":0,"href":"https:\/\/wp.talenco.fi\/wordpress\/wp-json\/wp\/v2\/pages\/33\/revisions"}],"wp:attachment":[{"href":"https:\/\/wp.talenco.fi\/wordpress\/wp-json\/wp\/v2\/media?parent=33"}],"curies":[{"name":"wp","href":"https:\/\/api.w.org\/{rel}","templated":true}]}}