{"id":95,"date":"2013-05-18T10:02:05","date_gmt":"2013-05-18T07:02:05","guid":{"rendered":"http:\/\/talenco.wordpress.com\/?page_id=95"},"modified":"2013-05-18T10:02:05","modified_gmt":"2013-05-18T07:02:05","slug":"myynti_ja_markkinointi","status":"publish","type":"page","link":"https:\/\/wp.talenco.fi\/wordpress\/myynti_ja_markkinointi\/","title":{"rendered":"Myynnin kasvattaminen"},"content":{"rendered":"<p><a href=\"https:\/\/wp.talenco.fi\/wordpress\/wp-content\/uploads\/2013\/05\/shutterstock_80313724_3.jpg\"><img loading=\"lazy\" decoding=\"async\" class=\" wp-image-286 alignleft\" style=\"border:20px solid black;\" alt=\"shutterstock_80313724_3\" src=\"https:\/\/wp.talenco.fi\/wordpress\/wp-content\/uploads\/2013\/05\/shutterstock_80313724_3.jpg?w=150\" width=\"120\" height=\"117\" \/><\/a>Myynnin kasvattaminen on myyj\u00e4n t\u00e4rkein teht\u00e4v\u00e4. Aktiivinen ote asiakaskuntaan edellytt\u00e4\u00e4 ihmisten tapaamista kasvotusten, niin messuilla kuin muidenkin asiakastapahtumien yhteydess\u00e4.<\/p>\n<p>Myynnin kasvattamiseen liittyvi\u00e4 artikkeleja l\u00f6yd\u00e4t alla olevista linkeist\u00e4:<\/p>\n<p><a href=\"http:\/\/talenco.wordpress.com\/category\/messut\/\">Messut\u00a0<\/a>\/\u00a0<a title=\"Promootiot\" href=\"http:\/\/talenco.wordpress.com\/category\/promootiot\/\">Promootiot<\/a><\/p>\n","protected":false},"excerpt":{"rendered":"<p>Myynnin kasvattaminen on myyj\u00e4n t\u00e4rkein teht\u00e4v\u00e4. Aktiivinen ote asiakaskuntaan edellytt\u00e4\u00e4 ihmisten tapaamista kasvotusten, niin messuilla kuin muidenkin asiakastapahtumien yhteydess\u00e4. Myynnin kasvattamiseen liittyvi\u00e4 artikkeleja l\u00f6yd\u00e4t alla olevista linkeist\u00e4: Messut\u00a0\/\u00a0Promootiot<\/p>\n","protected":false},"author":2,"featured_media":0,"parent":0,"menu_order":0,"comment_status":"closed","ping_status":"closed","template":"","meta":{"footnotes":""},"class_list":["post-95","page","type-page","status-publish","hentry"],"_links":{"self":[{"href":"https:\/\/wp.talenco.fi\/wordpress\/wp-json\/wp\/v2\/pages\/95","targetHints":{"allow":["GET"]}}],"collection":[{"href":"https:\/\/wp.talenco.fi\/wordpress\/wp-json\/wp\/v2\/pages"}],"about":[{"href":"https:\/\/wp.talenco.fi\/wordpress\/wp-json\/wp\/v2\/types\/page"}],"author":[{"embeddable":true,"href":"https:\/\/wp.talenco.fi\/wordpress\/wp-json\/wp\/v2\/users\/2"}],"replies":[{"embeddable":true,"href":"https:\/\/wp.talenco.fi\/wordpress\/wp-json\/wp\/v2\/comments?post=95"}],"version-history":[{"count":0,"href":"https:\/\/wp.talenco.fi\/wordpress\/wp-json\/wp\/v2\/pages\/95\/revisions"}],"wp:attachment":[{"href":"https:\/\/wp.talenco.fi\/wordpress\/wp-json\/wp\/v2\/media?parent=95"}],"curies":[{"name":"wp","href":"https:\/\/api.w.org\/{rel}","templated":true}]}}